{"id":5369,"date":"2024-05-30T09:01:55","date_gmt":"2024-05-30T09:01:55","guid":{"rendered":"https:\/\/isiklarfilo.com\/?page_id=5369"},"modified":"2024-05-30T09:15:14","modified_gmt":"2024-05-30T09:15:14","slug":"etikhat","status":"publish","type":"page","link":"https:\/\/isiklarfilo.com\/index.php\/etikhat\/","title":{"rendered":"ET\u0130K HAT"},"content":{"rendered":"<p><div class=\"fusion-fullwidth fullwidth-box fusion-builder-row-1 fusion-flex-container nonhundred-percent-fullwidth non-hundred-percent-height-scrolling\" style=\"background-color: rgba(255,255,255,0);background-position: center center;background-repeat: no-repeat;border-width: 0px 0px 0px 0px;border-color:var(--awb-color3);border-style:solid;\" ><div class=\"fusion-builder-row fusion-row fusion-flex-align-items-flex-start\" style=\"max-width:1248px;margin-left: calc(-4% \/ 2 );margin-right: calc(-4% \/ 2 );\"><div class=\"fusion-layout-column fusion_builder_column fusion-builder-column-0 fusion_builder_column_1_1 1_1 fusion-flex-column fusion-flex-align-self-center\"><div class=\"fusion-column-wrapper fusion-flex-justify-content-center fusion-content-layout-column\" style=\"background-position:left top;background-repeat:no-repeat;-webkit-background-size:cover;-moz-background-size:cover;-o-background-size:cover;background-size:cover;padding: 5% 0px 5% 0px;\"><div style=\"text-align:center;\"><span class=\" fusion-imageframe imageframe-none imageframe-1 hover-type-none fusion-animated\" data-animationType=\"fadeInLeft\" data-animationDuration=\"0.3\" data-animationOffset=\"top-into-view\"><img decoding=\"async\" width=\"1004\" height=\"287\" title=\"etikhat\" src=\"https:\/\/isiklarfilo.com\/wp-content\/uploads\/2024\/05\/etikhat.jpg\" alt class=\"img-responsive wp-image-5370\" srcset=\"https:\/\/isiklarfilo.com\/wp-content\/uploads\/2024\/05\/etikhat-200x57.jpg 200w, https:\/\/isiklarfilo.com\/wp-content\/uploads\/2024\/05\/etikhat-400x114.jpg 400w, https:\/\/isiklarfilo.com\/wp-content\/uploads\/2024\/05\/etikhat-600x172.jpg 600w, https:\/\/isiklarfilo.com\/wp-content\/uploads\/2024\/05\/etikhat-800x229.jpg 800w, https:\/\/isiklarfilo.com\/wp-content\/uploads\/2024\/05\/etikhat.jpg 1004w\" sizes=\"(max-width: 640px) 100vw, 1004px\" \/><\/span><\/div><\/div><style type=\"text\/css\">.fusion-body .fusion-builder-column-0{width:100% !important;margin-top : 0px;margin-bottom : 0px;}.fusion-builder-column-0 > .fusion-column-wrapper {padding-top : 5% !important;padding-right : 0px !important;margin-right : 1.92%;padding-bottom : 5% !important;padding-left : 0px !important;margin-left : 1.92%;}@media only screen and (max-width:1024px) {.fusion-body .fusion-builder-column-0{width:100% !important;order : 0;}.fusion-builder-column-0 > .fusion-column-wrapper {margin-right : 1.92%;margin-left : 1.92%;}}@media only screen and (max-width:640px) {.fusion-body .fusion-builder-column-0{width:100% !important;order : 0;}.fusion-builder-column-0 > .fusion-column-wrapper {margin-right : 1.92%;margin-left : 1.92%;}}<\/style><\/div><\/div><style type=\"text\/css\">.fusion-body .fusion-flex-container.fusion-builder-row-1{ padding-top : 0px;margin-top : 0px;padding-right : 0px;padding-bottom : 0px;margin-bottom : 0px;padding-left : 0px;}<\/style><\/div><div class=\"fusion-fullwidth fullwidth-box fusion-builder-row-2 fusion-flex-container nonhundred-percent-fullwidth non-hundred-percent-height-scrolling\" style=\"background-color: rgba(255,255,255,0);background-position: center center;background-repeat: no-repeat;border-width: 0px 0px 0px 0px;border-color:var(--awb-color3);border-style:solid;\" ><div class=\"fusion-builder-row fusion-row fusion-flex-align-items-flex-start\" style=\"max-width:1248px;margin-left: calc(-4% \/ 2 );margin-right: calc(-4% \/ 2 );\"><div class=\"fusion-layout-column fusion_builder_column fusion-builder-column-1 fusion_builder_column_1_1 1_1 fusion-flex-column\"><div class=\"fusion-column-wrapper fusion-flex-justify-content-flex-start fusion-content-layout-column\" style=\"background-position:left top;background-repeat:no-repeat;-webkit-background-size:cover;-moz-background-size:cover;-o-background-size:cover;background-size:cover;padding: 0px 0px 0px 0px;\"><div class=\"fusion-separator fusion-full-width-sep\" style=\"align-self: center;margin-left: auto;margin-right: auto;margin-bottom:2%;width:100%;\"><div class=\"fusion-separator-border sep-shadow\" style=\"background:radial-gradient(ellipse at 50% -50% , var(--awb-color3) 0px, rgba(255, 255, 255, 0) 80%) repeat scroll 0 0 rgba(0, 0, 0, 0);background:-webkit-radial-gradient(ellipse at 50% -50% , var(--awb-color3) 0px, rgba(255, 255, 255, 0) 80%) repeat scroll 0 0 rgba(0, 0, 0, 0);background:-moz-radial-gradient(ellipse at 50% -50% , var(--awb-color3) 0px, rgba(255, 255, 255, 0) 80%) repeat scroll 0 0 rgba(0, 0, 0, 0);background:-o-radial-gradient(ellipse at 50% -50% , var(--awb-color3) 0px, rgba(255, 255, 255, 0) 80%) repeat scroll 0 0 rgba(0, 0, 0, 0);\"><\/div><\/div><div class=\"fusion-text fusion-text-1\"><p>I\u015f\u0131klar Grubu olarak, \u00e7al\u0131\u015fanlar\u0131m\u0131zla ve di\u011fer t\u00fcm payda\u015flar\u0131m\u0131zla ili\u015fkilerimizi; do\u011fruluk, d\u00fcr\u00fcstl\u00fck, sorumluluk, g\u00fcven, sayg\u0131 ve vatanda\u015fl\u0131k bilinci de\u011ferlerini esas alan bir yakla\u015f\u0131m ile y\u00f6netir ve s\u00fcre\u00e7lerimizin b\u00fct\u00fcn\u00fcnde <a href=\"https:\/\/www.isiklar.com.tr\/dosyalar\/2022\/01\/is-etigi-2022-1.pdf\"><strong>I\u015f\u0131klar Holding Grubu \u0130\u015f Eti\u011fi Kurallar\u0131<\/strong><\/a>\u2019na uygun hareket ederiz. I\u015f\u0131klar Holding Grubu \u0130\u015f Eti\u011fi Kurallar\u0131\u2019na uymad\u0131\u011f\u0131n\u0131 d\u00fc\u015f\u00fcnd\u00fc\u011f\u00fcn\u00fcz veya kar\u015f\u0131la\u015fabilece\u011fimiz riskleri tespit ederek \u00f6nlem alabilmemiz i\u00e7in bilgisini ula\u015ft\u0131rmak istedi\u011finiz konular\u0131 I\u015f\u0131klar Grubu Etik Hat\u2019ta bildirebilirsiniz.<\/p>\n<p>I\u015f\u0131klar Grubu Etik Hat e-posta adresine a\u015fa\u011f\u0131daki linkten ula\u015fabilirsiniz.<\/p>\n<p>I\u015f\u0131klar Grubu Etik Hat e-posta adresi:<strong>\u00a0<\/strong><a href=\"mailto:etikhat@isiklar.com.tr\"><strong>etikhat@isiklar.com.tr<\/strong><\/a><\/p>\n<p><strong>Etik Hat Kullan\u0131m\u0131nda Dikkat edilmesi Gereken Hususlar<\/strong>:<\/p>\n<ul>\n<li>Etik Hat arac\u0131l\u0131\u011f\u0131yla iletece\u011finiz bilgiler; sadece etik ya da yasa ihlali ile ilgili olmal\u0131, a\u00e7\u0131k ve ayr\u0131nt\u0131l\u0131 bir \u015fekilde belirtilmelidir. \u0130letmek istedi\u011finiz konu; ki\u015fi, yer ve zaman belirtilerek ve belgeler sunularak somutla\u015ft\u0131r\u0131lmal\u0131d\u0131r.<\/li>\n<li>Payla\u015ft\u0131\u011f\u0131n\u0131z bilgilerle ilgili olarak, KVKK kapsam\u0131ndaki sorumlulu\u011fun sizlerde oldu\u011funu \u00f6nemle hat\u0131rlatmak isteriz. Bu nedenle, iletilece\u011finiz bilgi ve belgelerde, herhangi bir sebeple \u00fc\u00e7\u00fcnc\u00fc ki\u015filerin ki\u015fisel verilerinin payla\u015f\u0131lmas\u0131 halinde; ilgili verilerin, ihlal bildirim amac\u0131n\u0131zla, s\u0131n\u0131rl\u0131 ve \u00f6l\u00e7\u00fcl\u00fc bir \u015fekilde payla\u015f\u0131lmas\u0131 gerekir.<\/li>\n<li>Etik Hat, sadece I\u015f\u0131klar Holding Grubu \u0130\u015f Eti\u011fi Kurallar\u0131\u2019na ya da yasal d\u00fczenlemelere uygun olmad\u0131\u011f\u0131 d\u00fc\u015f\u00fcn\u00fclen konular\u0131n iletilmesi amac\u0131n\u0131 ta\u015f\u0131maktad\u0131r. \u00d6neri ve benzeri talepler i\u00e7in \u015eirketin di\u011fer ileti\u015fim kanallar\u0131n\u0131 kullanman\u0131z gerekir. Bu kapsamda, a\u015fa\u011f\u0131da say\u0131lanlarla s\u0131n\u0131rl\u0131 olmamak \u00fczere, ihbar edilebilecek baz\u0131 hususlar \u015funlard\u0131r:<\/li>\n<li>Bilgi koruma ve veri gizlili\u011fi<\/li>\n<li>\u00c7al\u0131\u015fanlara e\u015fit muamele edilmemesi<\/li>\n<li>\u00c7evre, sa\u011fl\u0131k ve g\u00fcvenlik meseleleri<\/li>\n<li>Gizli bilgilerin s\u0131zd\u0131r\u0131lmas\u0131<\/li>\n<li>G\u00f6revi ihmal ve k\u00f6t\u00fcye kullanma<\/li>\n<li>Finansal raporlama ve i\u00e7 denetim meseleleri<\/li>\n<li>Haks\u0131z ve \u015fahsi menfaat sa\u011flanmas\u0131<\/li>\n<li>\u0130nsan haklar\u0131 ve \u00e7al\u0131\u015fan haklar\u0131 problemleri ve\/veya ihlal \u015f\u00fcpheleri<\/li>\n<li>\u0130\u015fyeri anla\u015fmazl\u0131klar\u0131 ve g\u00f6revi k\u00f6t\u00fcye kullanma<\/li>\n<li>Y\u00f6neticilerin \u00e7al\u0131\u015fanlar\u0131 \u00f6zel i\u015flerinde kullanmas\u0131<\/li>\n<li>Performans de\u011ferlendirmesinde adil olmamak<\/li>\n<li>Tehdit ve fiziksel \u015fiddet uygulama<\/li>\n<li>Etik Hat ba\u015fvurunuz; I\u015f\u0131klar Holding Etik Kurulu taraf\u0131ndan k\u0131sa zaman i\u00e7inde incelenerek, I\u015f\u0131klar Holding A.\u015e. Y\u00f6netim Kurulu\u2019nun onay\u0131n\u0131n ard\u0131ndan, Kurul karar\u0131 do\u011frultusunda uygun i\u015flemler yap\u0131lacakt\u0131r.<\/li>\n<li>Ki\u015fisel Verilerin \u0130\u015flenmesine \u0130li\u015fkin Etik Hat Ba\u015fvurular\u0131na ili\u015fkin<strong><a href=\"https:\/\/www.isiklar.com.tr\/dosyalar\/2024\/02\/Kurumsal-Internet-Sitesi-Aydinlatma-Ocak-2024.pdf\" target=\"_blank\" rel=\"noopener\"> <u>KVKK Ayd\u0131nlatma Metnine<\/u><\/a> <\/strong>buradan ula\u015fabilirsiniz.<\/li>\n<\/ul>\n<\/div><\/div><style type=\"text\/css\">.fusion-body .fusion-builder-column-1{width:100% !important;margin-top : 0px;margin-bottom : 0px;}.fusion-builder-column-1 > .fusion-column-wrapper {padding-top : 0px !important;padding-right : 0px !important;margin-right : 1.92%;padding-bottom : 0px !important;padding-left : 0px !important;margin-left : 1.92%;}@media only screen and (max-width:1024px) {.fusion-body .fusion-builder-column-1{width:100% !important;}.fusion-builder-column-1 > .fusion-column-wrapper {margin-right : 1.92%;margin-left : 1.92%;}}@media only screen and (max-width:640px) {.fusion-body .fusion-builder-column-1{width:100% !important;}.fusion-builder-column-1 > .fusion-column-wrapper {margin-right : 1.92%;margin-left : 1.92%;}}<\/style><\/div><\/div><style type=\"text\/css\">.fusion-body .fusion-flex-container.fusion-builder-row-2{ padding-top : 0px;margin-top : 0px;padding-right : 0px;padding-bottom : 0px;margin-bottom : 0px;padding-left : 0px;}<\/style><\/div><\/p>\n","protected":false},"excerpt":{"rendered":"","protected":false},"author":1,"featured_media":0,"parent":0,"menu_order":0,"comment_status":"closed","ping_status":"closed","template":"","meta":{"footnotes":""},"_links":{"self":[{"href":"https:\/\/isiklarfilo.com\/index.php\/wp-json\/wp\/v2\/pages\/5369"}],"collection":[{"href":"https:\/\/isiklarfilo.com\/index.php\/wp-json\/wp\/v2\/pages"}],"about":[{"href":"https:\/\/isiklarfilo.com\/index.php\/wp-json\/wp\/v2\/types\/page"}],"author":[{"embeddable":true,"href":"https:\/\/isiklarfilo.com\/index.php\/wp-json\/wp\/v2\/users\/1"}],"replies":[{"embeddable":true,"href":"https:\/\/isiklarfilo.com\/index.php\/wp-json\/wp\/v2\/comments?post=5369"}],"version-history":[{"count":8,"href":"https:\/\/isiklarfilo.com\/index.php\/wp-json\/wp\/v2\/pages\/5369\/revisions"}],"predecessor-version":[{"id":5380,"href":"https:\/\/isiklarfilo.com\/index.php\/wp-json\/wp\/v2\/pages\/5369\/revisions\/5380"}],"wp:attachment":[{"href":"https:\/\/isiklarfilo.com\/index.php\/wp-json\/wp\/v2\/media?parent=5369"}],"curies":[{"name":"wp","href":"https:\/\/api.w.org\/{rel}","templated":true}]}}