{"id":5265,"date":"2022-12-05T19:13:20","date_gmt":"2022-12-05T19:13:20","guid":{"rendered":"https:\/\/isiklarfilo.com\/?page_id=5265"},"modified":"2026-01-06T07:27:30","modified_gmt":"2026-01-06T07:27:30","slug":"baskanin-mesaji","status":"publish","type":"page","link":"https:\/\/isiklarfilo.com\/index.php\/baskanin-mesaji\/","title":{"rendered":"Ba\u015fkan\u0131n Mesaj\u0131"},"content":{"rendered":"<div class=\"fusion-fullwidth fullwidth-box fusion-builder-row-1 fusion-flex-container has-pattern-background has-mask-background nonhundred-percent-fullwidth non-hundred-percent-height-scrolling\" style=\"background-color: rgba(255,255,255,0);background-position: center center;background-repeat: no-repeat;border-width: 0px 0px 0px 0px;border-color:var(--awb-color3);border-style:solid;\" ><div class=\"fusion-builder-row fusion-row fusion-flex-align-items-flex-start\" style=\"max-width:1248px;margin-left: calc(-4% \/ 2 );margin-right: calc(-4% \/ 2 );\"><div class=\"fusion-layout-column fusion_builder_column fusion-builder-column-0 fusion_builder_column_3_4 3_4 fusion-flex-column\"><div class=\"fusion-column-wrapper fusion-flex-justify-content-flex-start fusion-content-layout-column\" style=\"background-position:left top;background-repeat:no-repeat;-webkit-background-size:cover;-moz-background-size:cover;-o-background-size:cover;background-size:cover;padding: 0px 0px 0px 0px;\"><div class=\"fusion-text fusion-text-1\"><div class=\"title2\">\n<h3>\u00a0<\/h3>\n<h3>De\u011ferli <strong>Payda\u015flar\u0131m\u0131z<\/strong><\/h3>\n<\/div>\n<div class=\"title-desc\">\n<p>\u0130\u00e7 ve d\u0131\u015f konjonkt\u00fcr\u00fcn olduk\u00e7a hareketli ge\u00e7ti\u011fi 2025 y\u0131l\u0131n\u0131 zor \u015fartlara adapte olmak ve \u015firketlerimizi gelece\u011fe haz\u0131rlamakla ge\u00e7irdik. Y\u00f6netim kurullar\u0131m\u0131z ve y\u00f6netim kadromuz gen\u00e7le\u015fir ve yenilenirken i\u015ftiraklerimizin bir \u00e7o\u011funun sermayelerini de artt\u0131rd\u0131k. Yeni \u00fcr\u00fcn geli\u015ftirme, otoprod\u00fckt\u00f6r olarak yenilenebilir enerji \u00fcretimi ve kapasite art\u0131\u015f\u0131 yat\u0131r\u0131mlar\u0131m\u0131z\u0131 tamamlad\u0131k.<\/p>\n<p>I\u015f\u0131klar Holding yar\u0131m as\u0131r\u0131 geride b\u0131rakt\u0131\u011f\u0131 2025 y\u0131l\u0131nda son teknoloji fabrikalar\u0131nda klinker tu\u011fla, kraft torba, yap\u0131 kimyasal\u0131, cam elyafl\u0131 beton levha, \u00e7imento \u00f6\u011f\u00fctme bilyas\u0131 \u00fcreten ve bu \u00fcretimlerde harcad\u0131\u011f\u0131 elektrik enerjisini toplam 35 megawatl\u0131k HES ve GES&#8217;lerinden kar\u015f\u0131layan, \u00e7imento m\u00fchendisli\u011fi, in\u015faat, taahh\u00fct, gayrimenkul geli\u015ftirme, Sif JCB in\u015faat makinas\u0131 distrib\u00fct\u00f6rl\u00fc\u011f\u00fc \u015firketleri ile komple Yap\u0131 Sekt\u00f6r\u00fcne 50 y\u0131l\u0131 a\u015fk\u0131n s\u00fcredir hizmet etmektedir ve \u00fclkemizin yap\u0131 sekt\u00f6r\u00fcnde e\u015fsiz konumuyla b\u00f6lgesel f\u0131rsatlar\u0131 da de\u011ferlendirerek b\u00fcy\u00fcmeye haz\u0131rd\u0131r ve bu sekt\u00f6rde geli\u015fecek bir Yap\u0131 Holding (Construction Conglomerate) olarak konumlanm\u0131\u015ft\u0131r.<br \/>Planlad\u0131\u011f\u0131m\u0131z b\u00fcy\u00fcmeyi 2026 y\u0131l\u0131nda ataca\u011f\u0131m\u0131z ad\u0131mlarla desteklemeyi hedefliyoruz.<br \/>2025 y\u0131l\u0131nda kaybetti\u011fimiz I\u015f\u0131klar Holding eski denetim koordinat\u00f6r\u00fc Necati Tando\u011fan ve I\u015f\u0131klar Enerji ve Yap\u0131 Holdingimiz eski genel m\u00fcd\u00fcr\u00fc G\u00f6k\u00e7en Odyak\u2019\u0131 rahmetle an\u0131yoruz.<br \/>Yeni y\u0131l\u0131n size ve sevdiklerinize sa\u011fl\u0131k, ba\u015far\u0131 ve mutluluk getirmesini diliyorum.<\/p>\n<p>Sayg\u0131lar\u0131mla.<\/p>\n<p style=\"text-align: right;\"><strong>R\u0131za Kutlu I\u015f\u0131k<\/strong><br \/><strong>Ba\u015fkan ve Murahhas Aza<\/strong><br \/><strong>I\u015f\u0131klar Holding A.\u015e.<\/strong><\/p>\n<\/div>\n<\/div><\/div><style type=\"text\/css\">.fusion-body .fusion-builder-column-0{width:75% !important;margin-top : 0px;margin-bottom : 20px;}.fusion-builder-column-0 > .fusion-column-wrapper {padding-top : 0px !important;padding-right : 0px !important;margin-right : 2.56%;padding-bottom : 0px !important;padding-left : 0px !important;margin-left : 2.56%;}@media only screen and (max-width:1024px) {.fusion-body .fusion-builder-column-0{width:75% !important;order : 0;}.fusion-builder-column-0 > .fusion-column-wrapper {margin-right : 2.56%;margin-left : 2.56%;}}@media only screen and (max-width:640px) {.fusion-body .fusion-builder-column-0{width:100% !important;order : 0;}.fusion-builder-column-0 > .fusion-column-wrapper {margin-right : 1.92%;margin-left : 1.92%;}}<\/style><\/div><div class=\"fusion-layout-column fusion_builder_column fusion-builder-column-1 fusion_builder_column_1_4 1_4 fusion-flex-column\"><div class=\"fusion-column-wrapper fusion-flex-justify-content-flex-start fusion-content-layout-column\" style=\"background-position:left top;background-repeat:no-repeat;-webkit-background-size:cover;-moz-background-size:cover;-o-background-size:cover;background-size:cover;padding: 0px 0px 0px 0px;\"><div ><span class=\" fusion-imageframe imageframe-none imageframe-1 hover-type-none\"><img decoding=\"async\" width=\"1920\" height=\"2560\" title=\"RKI_\" src=\"https:\/\/isiklarfilo.com\/wp-content\/uploads\/2026\/01\/RKI_-scaled.jpg\" alt class=\"img-responsive wp-image-5394\" srcset=\"https:\/\/isiklarfilo.com\/wp-content\/uploads\/2026\/01\/RKI_-200x267.jpg 200w, https:\/\/isiklarfilo.com\/wp-content\/uploads\/2026\/01\/RKI_-400x533.jpg 400w, https:\/\/isiklarfilo.com\/wp-content\/uploads\/2026\/01\/RKI_-600x800.jpg 600w, https:\/\/isiklarfilo.com\/wp-content\/uploads\/2026\/01\/RKI_-800x1067.jpg 800w, https:\/\/isiklarfilo.com\/wp-content\/uploads\/2026\/01\/RKI_-1200x1600.jpg 1200w, https:\/\/isiklarfilo.com\/wp-content\/uploads\/2026\/01\/RKI_-scaled.jpg 1920w\" sizes=\"(max-width: 640px) 100vw, 400px\" \/><\/span><\/div><\/div><style type=\"text\/css\">.fusion-body .fusion-builder-column-1{width:25% !important;margin-top : 122px;margin-bottom : 20px;}.fusion-builder-column-1 > .fusion-column-wrapper {padding-top : 0px !important;padding-right : 0px !important;margin-right : 7.68%;padding-bottom : 0px !important;padding-left : 0px !important;margin-left : 7.68%;}@media only screen and (max-width:1024px) {.fusion-body .fusion-builder-column-1{width:25% !important;order : 0;}.fusion-builder-column-1 > .fusion-column-wrapper {margin-right : 7.68%;margin-left : 7.68%;}}@media only screen and (max-width:640px) {.fusion-body .fusion-builder-column-1{width:100% !important;order : 0;}.fusion-builder-column-1 > .fusion-column-wrapper {margin-right : 1.92%;margin-left : 1.92%;}}<\/style><\/div><\/div><style type=\"text\/css\">.fusion-body .fusion-flex-container.fusion-builder-row-1{ padding-top : 0px;margin-top : 0px;padding-right : 0px;padding-bottom : 0px;margin-bottom : 0px;padding-left : 0px;}<\/style><\/div>\n","protected":false},"excerpt":{"rendered":"","protected":false},"author":1,"featured_media":0,"parent":0,"menu_order":0,"comment_status":"closed","ping_status":"closed","template":"","meta":{"footnotes":""},"_links":{"self":[{"href":"https:\/\/isiklarfilo.com\/index.php\/wp-json\/wp\/v2\/pages\/5265"}],"collection":[{"href":"https:\/\/isiklarfilo.com\/index.php\/wp-json\/wp\/v2\/pages"}],"about":[{"href":"https:\/\/isiklarfilo.com\/index.php\/wp-json\/wp\/v2\/types\/page"}],"author":[{"embeddable":true,"href":"https:\/\/isiklarfilo.com\/index.php\/wp-json\/wp\/v2\/users\/1"}],"replies":[{"embeddable":true,"href":"https:\/\/isiklarfilo.com\/index.php\/wp-json\/wp\/v2\/comments?post=5265"}],"version-history":[{"count":8,"href":"https:\/\/isiklarfilo.com\/index.php\/wp-json\/wp\/v2\/pages\/5265\/revisions"}],"predecessor-version":[{"id":5395,"href":"https:\/\/isiklarfilo.com\/index.php\/wp-json\/wp\/v2\/pages\/5265\/revisions\/5395"}],"wp:attachment":[{"href":"https:\/\/isiklarfilo.com\/index.php\/wp-json\/wp\/v2\/media?parent=5265"}],"curies":[{"name":"wp","href":"https:\/\/api.w.org\/{rel}","templated":true}]}}