{"id":1426,"date":"2022-03-03T14:43:17","date_gmt":"2022-03-03T14:43:17","guid":{"rendered":"https:\/\/isiklarfilo.com\/?page_id=1426"},"modified":"2023-01-02T20:02:49","modified_gmt":"2023-01-02T20:02:49","slug":"sirket-faaliyeti","status":"publish","type":"page","link":"https:\/\/isiklarfilo.com\/index.php\/sirket-faaliyeti\/","title":{"rendered":"\u015eirket Faaliyeti"},"content":{"rendered":"<div class=\"fusion-fullwidth fullwidth-box fusion-builder-row-1 fusion-flex-container nonhundred-percent-fullwidth non-hundred-percent-height-scrolling\" style=\"background-color: rgba(255,255,255,0);background-position: center center;background-repeat: no-repeat;border-width: 0px 0px 0px 0px;border-color:var(--awb-color3);border-style:solid;\" ><div class=\"fusion-builder-row fusion-row fusion-flex-align-items-flex-start fusion-flex-justify-content-center\" style=\"max-width:1248px;margin-left: calc(-4% \/ 2 );margin-right: calc(-4% \/ 2 );\"><div class=\"fusion-layout-column fusion_builder_column fusion-builder-column-0 fusion_builder_column_1_1 1_1 fusion-flex-column\"><div class=\"fusion-column-wrapper fusion-flex-justify-content-flex-start fusion-content-layout-column\" style=\"background-position:left top;background-repeat:no-repeat;-webkit-background-size:cover;-moz-background-size:cover;-o-background-size:cover;background-size:cover;padding: 0px 0px 0px 0px;\"><div class=\"fusion-text fusion-text-1\"><p><span style=\"background-color: rgba(255, 255, 255, 0); color: var(--body_typography-color); font-family: var(--body_typography-font-family); font-size: var(--body_typography-font-size); font-style: var(--body_typography-font-style,normal); letter-spacing: var(--body_typography-letter-spacing);\"><b>I\u015f\u0131klar Turizm ve Filo \u0130\u015fletmecili\u011fi<\/b><\/span><span style=\"background-color: rgba(255, 255, 255, 0); color: var(--body_typography-color); font-family: var(--body_typography-font-family); font-size: var(--body_typography-font-size); font-style: var(--body_typography-font-style,normal); font-weight: var(--body_typography-font-weight); letter-spacing: var(--body_typography-letter-spacing);\"> geni\u015f ara\u00e7 filosu ile filo kiralama hizmetlerine 2022 y\u0131l\u0131nda ba\u015flam\u0131\u015ft\u0131r. I\u015f\u0131klar Kalitesinde hizmet ve servis kalitesiyle \u00f6ne \u00e7\u0131kmay\u0131 ve yenilik\u00e7i kiralama \u00e7\u00f6z\u00fcmleriyle sekt\u00f6re yeni bir soluk getirmeyi hedeflemektedir.<\/span><\/p>\n<p>Turizm konusunda da Bulgaristan da av turizmi konusunda faaliyet g\u00f6steren ba\u011fl\u0131 ortakl\u0131\u011f\u0131 <b>I\u015f\u0131klar Elen Hunting EOOD <\/b>ile hizmet vermektedir. Ayr\u0131ca <b>T\u00fcrk ve Yunan<\/b> sahillerinde kendine ait ve kiral\u0131k Gulet\/Motor yat t\u00fcr\u00fc deniz ara\u00e7lar\u0131yla kiralama hizmetleri de vermektedir.<\/p>\n<\/div><\/div><style type=\"text\/css\">.fusion-body .fusion-builder-column-0{width:100% !important;margin-top : 0px;margin-bottom : 0px;}.fusion-builder-column-0 > .fusion-column-wrapper {padding-top : 0px !important;padding-right : 0px !important;margin-right : 1.92%;padding-bottom : 0px !important;padding-left : 0px !important;margin-left : 1.92%;}@media only screen and (max-width:1024px) {.fusion-body .fusion-builder-column-0{width:100% !important;order : 0;}.fusion-builder-column-0 > .fusion-column-wrapper {margin-right : 1.92%;margin-left : 1.92%;}}@media only screen and (max-width:640px) {.fusion-body .fusion-builder-column-0{width:100% !important;order : 0;}.fusion-builder-column-0 > .fusion-column-wrapper {margin-right : 1.92%;margin-left : 1.92%;}}<\/style><\/div><div class=\"fusion-layout-column fusion_builder_column fusion-builder-column-1 fusion-flex-column fusion-column-inner-bg-wrapper\"><div class=\"fusion-column-wrapper fusion-flex-justify-content-flex-start fusion-content-layout-column fusion-empty-column-bg-image\" style=\"padding: 0px 0px 278px 0px;\" data-bg-url=\"https:\/\/isiklarfilo.com\/wp-content\/uploads\/2022\/03\/buying-awd-hybrid-cars.jpg\"><img decoding=\"async\" class=\"fusion-empty-dims-img-placeholder\" src=\"data:image\/svg+xml,%3Csvg%20xmlns%3D%27http%3A%2F%2Fwww.w3.org%2F2000%2Fsvg%27%20width%3D%27950%27%20height%3D%27600%27%20viewBox%3D%270%200%20950%20600%27%3E%3Crect%20width%3D%27950%27%20height%3D%27600%27%20fill-opacity%3D%220%22%2F%3E%3C%2Fsvg%3E\"><\/div><span class=\"fusion-column-inner-bg hover-type-zoomin\"><span class=\"fusion-column-anchor\"><span class=\"fusion-column-inner-bg-image\" style=\"background-color:#efefef;background-image: url(&#039;https:\/\/isiklarfilo.com\/wp-content\/uploads\/2022\/03\/buying-awd-hybrid-cars.jpg&#039;);background-image: linear-gradient(90deg, #081b36 25%,hsla(var(--awb-color7-h),var(--awb-color7-s),var(--awb-color7-l),calc(var(--awb-color7-a) - 100%)) 50%),url(https:\/\/isiklarfilo.com\/wp-content\/uploads\/2022\/03\/buying-awd-hybrid-cars.jpg);background-position:center top;background-repeat:no-repeat;-webkit-background-size:cover;-moz-background-size:cover;-o-background-size:cover;background-size:cover;\"><\/span><\/span><\/span><style type=\"text\/css\">.fusion-body .fusion-builder-column-1{width:100% !important;margin-top : 0px;margin-bottom : 0px;}.fusion-builder-column-1 > .fusion-column-wrapper {padding-top : 0 !important;padding-right : 0px !important;margin-right : 1.92%;padding-bottom : 278px !important;padding-left : 0 !important;margin-left : 1.92%;}.fusion-flex-container .fusion-row .fusion-builder-column-1 > .fusion-column-inner-bg { margin-right:1.92%;margin-left:1.92%; }@media only screen and (max-width:1024px) {.fusion-body .fusion-builder-column-1{width:100% !important;order : 0;}.fusion-builder-column-1 > .fusion-column-wrapper {margin-right : 1.92%;margin-left : 1.92%;}.fusion-flex-container .fusion-row .fusion-builder-column-1 > .fusion-column-inner-bg { margin-right:1.92%;margin-left:1.92%; }}@media only screen and (max-width:640px) {.fusion-body .fusion-builder-column-1{width:100% !important;order : 0;margin-top : 30px;}.fusion-builder-column-1 > .fusion-column-wrapper {margin-right : 1.92%;margin-left : 1.92%;}.fusion-flex-container .fusion-row .fusion-builder-column-1 > .fusion-column-inner-bg { margin-right:1.92%;margin-left:1.92%; }}<\/style><\/div><\/div><style type=\"text\/css\">.fusion-body .fusion-flex-container.fusion-builder-row-1{ padding-top : 0px;margin-top : 0px;padding-right : 0px;padding-bottom : 0px;margin-bottom : 100px;padding-left : 0px;}<\/style><\/div>\n","protected":false},"excerpt":{"rendered":"","protected":false},"author":1,"featured_media":0,"parent":0,"menu_order":0,"comment_status":"closed","ping_status":"closed","template":"100-width.php","meta":{"footnotes":""},"_links":{"self":[{"href":"https:\/\/isiklarfilo.com\/index.php\/wp-json\/wp\/v2\/pages\/1426"}],"collection":[{"href":"https:\/\/isiklarfilo.com\/index.php\/wp-json\/wp\/v2\/pages"}],"about":[{"href":"https:\/\/isiklarfilo.com\/index.php\/wp-json\/wp\/v2\/types\/page"}],"author":[{"embeddable":true,"href":"https:\/\/isiklarfilo.com\/index.php\/wp-json\/wp\/v2\/users\/1"}],"replies":[{"embeddable":true,"href":"https:\/\/isiklarfilo.com\/index.php\/wp-json\/wp\/v2\/comments?post=1426"}],"version-history":[{"count":8,"href":"https:\/\/isiklarfilo.com\/index.php\/wp-json\/wp\/v2\/pages\/1426\/revisions"}],"predecessor-version":[{"id":5311,"href":"https:\/\/isiklarfilo.com\/index.php\/wp-json\/wp\/v2\/pages\/1426\/revisions\/5311"}],"wp:attachment":[{"href":"https:\/\/isiklarfilo.com\/index.php\/wp-json\/wp\/v2\/media?parent=1426"}],"curies":[{"name":"wp","href":"https:\/\/api.w.org\/{rel}","templated":true}]}}