{"id":1187,"date":"2022-02-16T19:09:51","date_gmt":"2022-02-16T19:09:51","guid":{"rendered":"https:\/\/isiklarfilo.com\/?page_id=1187"},"modified":"2022-12-05T07:52:52","modified_gmt":"2022-12-05T07:52:52","slug":"auto-news","status":"publish","type":"page","link":"https:\/\/isiklarfilo.com\/index.php\/auto-news\/","title":{"rendered":"Haberler"},"content":{"rendered":"<div class=\"fusion-fullwidth fullwidth-box fusion-builder-row-1 fusion-flex-container nonhundred-percent-fullwidth non-hundred-percent-height-scrolling\" style=\"background-color: rgba(255,255,255,0);background-position: center center;background-repeat: no-repeat;border-width: 0px 0px 0px 0px;border-color:var(--awb-color3);border-style:solid;\" ><div class=\"fusion-builder-row fusion-row fusion-flex-align-items-flex-start\" style=\"max-width:1248px;margin-left: calc(-4% \/ 2 );margin-right: calc(-4% \/ 2 );\"><div class=\"fusion-layout-column fusion_builder_column fusion-builder-column-0 fusion_builder_column_1_1 1_1 fusion-flex-column\"><div class=\"fusion-column-wrapper fusion-flex-justify-content-flex-start fusion-content-layout-column\" style=\"background-position:left top;background-repeat:no-repeat;-webkit-background-size:cover;-moz-background-size:cover;-o-background-size:cover;background-size:cover;padding: 0px 0px 0px 0px;\"><div class=\"fusion-post-cards fusion-post-cards-1 fusion-grid-archive\"><ul class=\"fusion-grid fusion-grid-2 fusion-flex-align-items-flex-start fusion-grid-posts-cards\"><li class=\"fusion-layout-column fusion_builder_column fusion-builder-column-1 fusion-flex-column post-card fusion-grid-column fusion-post-cards-grid-column\"><div class=\"fusion-column-wrapper fusion-flex-justify-content-flex-start fusion-content-layout-column\" style=\"background-position:left top;background-repeat:no-repeat;-webkit-background-size:cover;-moz-background-size:cover;-o-background-size:cover;background-size:cover;padding: 0px 0px 0px 0px;\"><div class=\"fusion-classic-product-image-wrapper fusion-woo-product-image fusion-post-card-image fusion-post-card-image-1\" data-layout=\"rollover\"><div  class=\"fusion-image-wrapper\" aria-haspopup=\"true\">\n\t\t\t\t<img decoding=\"async\" width=\"400\" height=\"200\" src=\"https:\/\/isiklarfilo.com\/wp-content\/uploads\/2023\/03\/hub2-700x389-1.jpg\" class=\"attachment-full size-full wp-post-image\" alt=\"\" srcset=\"https:\/\/isiklarfilo.com\/wp-content\/uploads\/2023\/03\/hub2-700x389-1-200x100.jpg 200w, https:\/\/isiklarfilo.com\/wp-content\/uploads\/2023\/03\/hub2-700x389-1.jpg 400w\" sizes=\"(min-width: 2200px) 100vw, (min-width: 712px) 580px, (min-width: 640px) 712px, \" \/><div class=\"fusion-rollover\">\n\t<div class=\"fusion-rollover-content\">\n\n\t\t\t\t\t\t\t\t\t\t\t\t\t\t<a class=\"fusion-rollover-link\" href=\"https:\/\/isiklarfilo.com\/index.php\/2023\/03\/16\/5321\/\">Start-up giri\u015fimlerine yeni model yat\u0131r\u0131m deste\u011fi Yenilik\u00e7i giri\u015fim yat\u0131r\u0131mc\u0131s\u0131 I\u015f\u0131klar Hub faaliyete ba\u015flad\u0131<\/a>\n\t\t\t\n\t\t\t\t\t\t\t\t\t\t\t\t\t\t\n\t\t\t\t\t\t\t\t\n\t\t\t\t\t\t\t\t\t\t\t\t\t<div class=\"fusion-rollover-sep\"><\/div>\n\t\t\t\t\n\t\t\t\t\t\t\t\t\t\t\t\t\t\t\t\t\t\t<a class=\"fusion-rollover-gallery\" href=\"https:\/\/isiklarfilo.com\/wp-content\/uploads\/2023\/03\/hub2-700x389-1.jpg\" data-id=\"5321\" data-rel=\"iLightbox[gallery]\" data-title=\"hub2-700x389\" data-caption=\"\">\n\t\t\t\t\t\tGallery\t\t\t\t\t<\/a>\n\t\t\t\t\t\t\t\t\t\t\t\t\t\t\n\t\t\n\t\t\t\t\t\t\t\t\n\t\t\t\t\t\t\t\t\n\t\t\n\t\t\t\t\t\t<a class=\"fusion-link-wrapper\" href=\"https:\/\/isiklarfilo.com\/index.php\/2023\/03\/16\/5321\/\" aria-label=\"Start-up giri\u015fimlerine yeni model yat\u0131r\u0131m deste\u011fi Yenilik\u00e7i giri\u015fim yat\u0131r\u0131mc\u0131s\u0131 I\u015f\u0131klar Hub faaliyete ba\u015flad\u0131\"><\/a>\n\t<\/div>\n<\/div>\n<\/div>\n<\/div><div class=\"fusion-builder-row fusion-builder-row-inner fusion-row fusion-flex-align-items-flex-start\" style=\"width:104% !important;max-width:104% !important;margin-left: calc(-4% \/ 2 );margin-right: calc(-4% \/ 2 );\"><div class=\"fusion-layout-column fusion_builder_column_inner fusion-builder-nested-column-0 fusion_builder_column_inner_5_6 5_6 fusion-flex-column\"><div class=\"fusion-column-wrapper fusion-flex-justify-content-flex-start fusion-content-layout-column\" style=\"background-position:left top;background-repeat:no-repeat;-webkit-background-size:cover;-moz-background-size:cover;-o-background-size:cover;background-size:cover;background-color:var(--awb-color1);padding: 0px 45px 0px 30px;\"><style type=\"text\/css\">@media only screen and (max-width:1024px) {.fusion-title.fusion-title-1{margin-top:25px!important;margin-right:!important;margin-bottom:!important; margin-left:!important;}}@media only screen and (max-width:640px) {.fusion-title.fusion-title-1{margin-top:40px!important; margin-right:0px!important;margin-bottom:10px!important; margin-left:0px!important;}}<\/style><div class=\"fusion-title title fusion-title-1 fusion-sep-none fusion-title-text fusion-title-size-five\" style=\"margin-top:35px;margin-right:0px;margin-bottom:15px;margin-left:0px;\"><h5 class=\"title-heading-left\" style=\"margin:0;line-height:1.6em;\">Start-up giri\u015fimlerine yeni model yat\u0131r\u0131m deste\u011fi Yenilik\u00e7i giri\u015fim yat\u0131r\u0131mc\u0131s\u0131 I\u015f\u0131klar Hub faaliyete ba\u015flad\u0131<\/h5><\/div><\/div><style type=\"text\/css\">.fusion-body .fusion-builder-nested-column-0{width:83.333333333333% !important;margin-top : -50px;margin-bottom : 0px;}.fusion-builder-nested-column-0 > .fusion-column-wrapper {padding-top : 0px !important;padding-right : 45px !important;margin-right : 2.304%;padding-bottom : 0px !important;padding-left : 30px !important;margin-left : 2.304%;}@media only screen and (max-width:1024px) {.fusion-body .fusion-builder-nested-column-0{width:83.333333333333% !important;order : 0;}.fusion-builder-nested-column-0 > .fusion-column-wrapper {margin-right : 2.304%;margin-left : 2.304%;}}@media only screen and (max-width:640px) {.fusion-body .fusion-builder-nested-column-0{width:100% !important;order : 0;}.fusion-builder-nested-column-0 > .fusion-column-wrapper {margin-right : 1.92%;margin-left : 1.92%;}}<\/style><\/div><\/div><\/div><style type=\"text\/css\">.fusion-builder-column-1 > .fusion-column-wrapper {padding-top : 0px !important;padding-right : 0px !important;padding-bottom : 0px !important;padding-left : 0px !important;}<\/style><\/li>\n<li class=\"fusion-layout-column fusion_builder_column fusion-builder-column-2 fusion-flex-column post-card fusion-grid-column fusion-post-cards-grid-column\"><div class=\"fusion-column-wrapper fusion-flex-justify-content-flex-start fusion-content-layout-column\" style=\"background-position:left top;background-repeat:no-repeat;-webkit-background-size:cover;-moz-background-size:cover;-o-background-size:cover;background-size:cover;padding: 0px 0px 0px 0px;\"><div class=\"fusion-classic-product-image-wrapper fusion-woo-product-image fusion-post-card-image fusion-post-card-image-1\" data-layout=\"rollover\"><div  class=\"fusion-image-wrapper\" aria-haspopup=\"true\">\n\t\t\t\t<img decoding=\"async\" width=\"900\" height=\"500\" src=\"https:\/\/isiklarfilo.com\/wp-content\/uploads\/2022\/12\/finance1.jpg\" class=\"attachment-full size-full wp-post-image\" alt=\"\" srcset=\"https:\/\/isiklarfilo.com\/wp-content\/uploads\/2022\/12\/finance1-200x111.jpg 200w, https:\/\/isiklarfilo.com\/wp-content\/uploads\/2022\/12\/finance1-400x222.jpg 400w, https:\/\/isiklarfilo.com\/wp-content\/uploads\/2022\/12\/finance1-600x333.jpg 600w, https:\/\/isiklarfilo.com\/wp-content\/uploads\/2022\/12\/finance1-800x444.jpg 800w, https:\/\/isiklarfilo.com\/wp-content\/uploads\/2022\/12\/finance1.jpg 900w\" sizes=\"(min-width: 2200px) 100vw, (min-width: 712px) 580px, (min-width: 640px) 712px, \" \/><div class=\"fusion-rollover\">\n\t<div class=\"fusion-rollover-content\">\n\n\t\t\t\t\t\t\t\t\t\t\t\t\t\t<a class=\"fusion-rollover-link\" href=\"https:\/\/isiklarfilo.com\/index.php\/2022\/12\/05\/isiklar-software-technology-eood-3-isikc-arzini-tamamladi\/\">I\u015f\u0131klar Software &#038; Technology EOOD 3. IsikC Arz\u0131n\u0131 Tamamlad\u0131<\/a>\n\t\t\t\n\t\t\t\t\t\t\t\t\t\t\t\t\t\t\n\t\t\t\t\t\t\t\t\n\t\t\t\t\t\t\t\t\t\t\t\t\t<div class=\"fusion-rollover-sep\"><\/div>\n\t\t\t\t\n\t\t\t\t\t\t\t\t\t\t\t\t\t\t\t\t\t\t<a class=\"fusion-rollover-gallery\" href=\"https:\/\/isiklarfilo.com\/wp-content\/uploads\/2022\/12\/finance1.jpg\" data-id=\"5216\" data-rel=\"iLightbox[gallery]\" data-title=\"finance1\" data-caption=\"\">\n\t\t\t\t\t\tGallery\t\t\t\t\t<\/a>\n\t\t\t\t\t\t\t\t\t\t\t\t\t\t\n\t\t\n\t\t\t\t\t\t\t\t\n\t\t\t\t\t\t\t\t\n\t\t\n\t\t\t\t\t\t<a class=\"fusion-link-wrapper\" href=\"https:\/\/isiklarfilo.com\/index.php\/2022\/12\/05\/isiklar-software-technology-eood-3-isikc-arzini-tamamladi\/\" aria-label=\"I\u015f\u0131klar Software &#038; Technology EOOD 3. IsikC Arz\u0131n\u0131 Tamamlad\u0131\"><\/a>\n\t<\/div>\n<\/div>\n<\/div>\n<\/div><div class=\"fusion-builder-row fusion-builder-row-inner fusion-row fusion-flex-align-items-flex-start\" style=\"width:104% !important;max-width:104% !important;margin-left: calc(-4% \/ 2 );margin-right: calc(-4% \/ 2 );\"><div class=\"fusion-layout-column fusion_builder_column_inner fusion-builder-nested-column-1 fusion_builder_column_inner_5_6 5_6 fusion-flex-column\"><div class=\"fusion-column-wrapper fusion-flex-justify-content-flex-start fusion-content-layout-column\" style=\"background-position:left top;background-repeat:no-repeat;-webkit-background-size:cover;-moz-background-size:cover;-o-background-size:cover;background-size:cover;background-color:var(--awb-color1);padding: 0px 45px 0px 30px;\"><style type=\"text\/css\">@media only screen and (max-width:1024px) {.fusion-title.fusion-title-2{margin-top:25px!important;margin-right:!important;margin-bottom:!important; margin-left:!important;}}@media only screen and (max-width:640px) {.fusion-title.fusion-title-2{margin-top:40px!important; margin-right:0px!important;margin-bottom:10px!important; margin-left:0px!important;}}<\/style><div class=\"fusion-title title fusion-title-2 fusion-sep-none fusion-title-text fusion-title-size-five\" style=\"margin-top:35px;margin-right:0px;margin-bottom:15px;margin-left:0px;\"><h5 class=\"title-heading-left\" style=\"margin:0;line-height:1.6em;\">I\u015f\u0131klar Software &#038; Technology EOOD 3. IsikC Arz\u0131n\u0131 Tamamlad\u0131<\/h5><\/div><\/div><style type=\"text\/css\">.fusion-body .fusion-builder-nested-column-1{width:83.333333333333% !important;margin-top : -50px;margin-bottom : 0px;}.fusion-builder-nested-column-1 > .fusion-column-wrapper {padding-top : 0px !important;padding-right : 45px !important;margin-right : 2.304%;padding-bottom : 0px !important;padding-left : 30px !important;margin-left : 2.304%;}@media only screen and (max-width:1024px) {.fusion-body .fusion-builder-nested-column-1{width:83.333333333333% !important;order : 0;}.fusion-builder-nested-column-1 > .fusion-column-wrapper {margin-right : 2.304%;margin-left : 2.304%;}}@media only screen and (max-width:640px) {.fusion-body .fusion-builder-nested-column-1{width:100% !important;order : 0;}.fusion-builder-nested-column-1 > .fusion-column-wrapper {margin-right : 1.92%;margin-left : 1.92%;}}<\/style><\/div><\/div><\/div><style type=\"text\/css\">.fusion-builder-column-2 > .fusion-column-wrapper {padding-top : 0px !important;padding-right : 0px !important;padding-bottom : 0px !important;padding-left : 0px !important;}<\/style><\/li>\n<li class=\"fusion-layout-column fusion_builder_column fusion-builder-column-3 fusion-flex-column post-card fusion-grid-column fusion-post-cards-grid-column\"><div class=\"fusion-column-wrapper fusion-flex-justify-content-flex-start fusion-content-layout-column\" style=\"background-position:left top;background-repeat:no-repeat;-webkit-background-size:cover;-moz-background-size:cover;-o-background-size:cover;background-size:cover;padding: 0px 0px 0px 0px;\"><div class=\"fusion-classic-product-image-wrapper fusion-woo-product-image fusion-post-card-image fusion-post-card-image-1\" data-layout=\"rollover\"><div  class=\"fusion-image-wrapper\" aria-haspopup=\"true\">\n\t\t\t\t<img decoding=\"async\" width=\"700\" height=\"525\" src=\"https:\/\/isiklarfilo.com\/wp-content\/uploads\/2022\/12\/KASISEN-Yonetim-Kurulu-Baskanligina-Riza-Kutlu-Isik-secildi-1-700x525-1-e1670057368113.jpg\" class=\"attachment-full size-full wp-post-image\" alt=\"\" srcset=\"https:\/\/isiklarfilo.com\/wp-content\/uploads\/2022\/12\/KASISEN-Yonetim-Kurulu-Baskanligina-Riza-Kutlu-Isik-secildi-1-700x525-1-e1670057368113-200x150.jpg 200w, https:\/\/isiklarfilo.com\/wp-content\/uploads\/2022\/12\/KASISEN-Yonetim-Kurulu-Baskanligina-Riza-Kutlu-Isik-secildi-1-700x525-1-e1670057368113-400x300.jpg 400w, https:\/\/isiklarfilo.com\/wp-content\/uploads\/2022\/12\/KASISEN-Yonetim-Kurulu-Baskanligina-Riza-Kutlu-Isik-secildi-1-700x525-1-e1670057368113-600x450.jpg 600w, https:\/\/isiklarfilo.com\/wp-content\/uploads\/2022\/12\/KASISEN-Yonetim-Kurulu-Baskanligina-Riza-Kutlu-Isik-secildi-1-700x525-1-e1670057368113.jpg 700w\" sizes=\"(min-width: 2200px) 100vw, (min-width: 712px) 580px, (min-width: 640px) 712px, \" \/><div class=\"fusion-rollover\">\n\t<div class=\"fusion-rollover-content\">\n\n\t\t\t\t\t\t\t\t\t\t\t\t\t\t<a class=\"fusion-rollover-link\" href=\"https:\/\/isiklarfilo.com\/index.php\/2022\/12\/03\/kasisen-sendikasinin-15-olagan-genel-kurul-toplantisi-gerceklesti\/\">KAS\u0130SEN sendikas\u0131n\u0131n 15. Ola\u011fan Genel Kurul toplant\u0131s\u0131 ger\u00e7ekle\u015fti<\/a>\n\t\t\t\n\t\t\t\t\t\t\t\t\t\t\t\t\t\t\n\t\t\t\t\t\t\t\t\n\t\t\t\t\t\t\t\t\t\t\t\t\t<div class=\"fusion-rollover-sep\"><\/div>\n\t\t\t\t\n\t\t\t\t\t\t\t\t\t\t\t\t\t\t\t\t\t\t<a class=\"fusion-rollover-gallery\" href=\"https:\/\/isiklarfilo.com\/wp-content\/uploads\/2022\/12\/KASISEN-Yonetim-Kurulu-Baskanligina-Riza-Kutlu-Isik-secildi-1-700x525-1-e1670057368113.jpg\" data-id=\"5191\" data-rel=\"iLightbox[gallery]\" data-title=\"KASISEN-Yonetim-Kurulu-Baskanligina-Riza-Kutlu-Isik-secildi-1-700x525\" data-caption=\"\">\n\t\t\t\t\t\tGallery\t\t\t\t\t<\/a>\n\t\t\t\t\t\t\t\t\t\t\t\t\t\t\n\t\t\n\t\t\t\t\t\t\t\t\n\t\t\t\t\t\t\t\t\n\t\t\n\t\t\t\t\t\t<a class=\"fusion-link-wrapper\" href=\"https:\/\/isiklarfilo.com\/index.php\/2022\/12\/03\/kasisen-sendikasinin-15-olagan-genel-kurul-toplantisi-gerceklesti\/\" aria-label=\"KAS\u0130SEN sendikas\u0131n\u0131n 15. Ola\u011fan Genel Kurul toplant\u0131s\u0131 ger\u00e7ekle\u015fti\"><\/a>\n\t<\/div>\n<\/div>\n<\/div>\n<\/div><div class=\"fusion-builder-row fusion-builder-row-inner fusion-row fusion-flex-align-items-flex-start\" style=\"width:104% !important;max-width:104% !important;margin-left: calc(-4% \/ 2 );margin-right: calc(-4% \/ 2 );\"><div class=\"fusion-layout-column fusion_builder_column_inner fusion-builder-nested-column-2 fusion_builder_column_inner_5_6 5_6 fusion-flex-column\"><div class=\"fusion-column-wrapper fusion-flex-justify-content-flex-start fusion-content-layout-column\" style=\"background-position:left top;background-repeat:no-repeat;-webkit-background-size:cover;-moz-background-size:cover;-o-background-size:cover;background-size:cover;background-color:var(--awb-color1);padding: 0px 45px 0px 30px;\"><style type=\"text\/css\">@media only screen and (max-width:1024px) {.fusion-title.fusion-title-3{margin-top:25px!important;margin-right:!important;margin-bottom:!important; margin-left:!important;}}@media only screen and (max-width:640px) {.fusion-title.fusion-title-3{margin-top:40px!important; margin-right:0px!important;margin-bottom:10px!important; margin-left:0px!important;}}<\/style><div class=\"fusion-title title fusion-title-3 fusion-sep-none fusion-title-text fusion-title-size-five\" style=\"margin-top:35px;margin-right:0px;margin-bottom:15px;margin-left:0px;\"><h5 class=\"title-heading-left\" style=\"margin:0;line-height:1.6em;\">KAS\u0130SEN sendikas\u0131n\u0131n 15. Ola\u011fan Genel Kurul toplant\u0131s\u0131 ger\u00e7ekle\u015fti<\/h5><\/div><\/div><style type=\"text\/css\">.fusion-body .fusion-builder-nested-column-2{width:83.333333333333% !important;margin-top : -50px;margin-bottom : 0px;}.fusion-builder-nested-column-2 > .fusion-column-wrapper {padding-top : 0px !important;padding-right : 45px !important;margin-right : 2.304%;padding-bottom : 0px !important;padding-left : 30px !important;margin-left : 2.304%;}@media only screen and (max-width:1024px) {.fusion-body .fusion-builder-nested-column-2{width:83.333333333333% !important;order : 0;}.fusion-builder-nested-column-2 > .fusion-column-wrapper {margin-right : 2.304%;margin-left : 2.304%;}}@media only screen and (max-width:640px) {.fusion-body .fusion-builder-nested-column-2{width:100% !important;order : 0;}.fusion-builder-nested-column-2 > .fusion-column-wrapper {margin-right : 1.92%;margin-left : 1.92%;}}<\/style><\/div><\/div><\/div><style type=\"text\/css\">.fusion-builder-column-3 > .fusion-column-wrapper {padding-top : 0px !important;padding-right : 0px !important;padding-bottom : 0px !important;padding-left : 0px !important;}<\/style><\/li>\n<li class=\"fusion-layout-column fusion_builder_column fusion-builder-column-4 fusion-flex-column post-card fusion-grid-column fusion-post-cards-grid-column\"><div class=\"fusion-column-wrapper fusion-flex-justify-content-flex-start fusion-content-layout-column\" style=\"background-position:left top;background-repeat:no-repeat;-webkit-background-size:cover;-moz-background-size:cover;-o-background-size:cover;background-size:cover;padding: 0px 0px 0px 0px;\"><div class=\"fusion-classic-product-image-wrapper fusion-woo-product-image fusion-post-card-image fusion-post-card-image-1\" data-layout=\"rollover\"><div  class=\"fusion-image-wrapper\" aria-haspopup=\"true\">\n\t\t\t\t<img decoding=\"async\" width=\"400\" height=\"400\" src=\"https:\/\/isiklarfilo.com\/wp-content\/uploads\/2022\/03\/Turkiyenin-en-buyuk-kapasiteli-Klinker-tugla-tunel-firinini-1-400x400-1.jpg\" class=\"attachment-full size-full wp-post-image\" alt=\"\" srcset=\"https:\/\/isiklarfilo.com\/wp-content\/uploads\/2022\/03\/Turkiyenin-en-buyuk-kapasiteli-Klinker-tugla-tunel-firinini-1-400x400-1-200x200.jpg 200w, https:\/\/isiklarfilo.com\/wp-content\/uploads\/2022\/03\/Turkiyenin-en-buyuk-kapasiteli-Klinker-tugla-tunel-firinini-1-400x400-1.jpg 400w\" sizes=\"(min-width: 2200px) 100vw, (min-width: 712px) 580px, (min-width: 640px) 712px, \" \/><div class=\"fusion-rollover\">\n\t<div class=\"fusion-rollover-content\">\n\n\t\t\t\t\t\t\t\t\t\t\t\t\t\t<a class=\"fusion-rollover-link\" href=\"https:\/\/isiklarfilo.com\/index.php\/2022\/03\/01\/how-latest-consumer-trends-impact-car-buying-sales\/\">I\u015f\u0131klar Holding, T\u00fcrkiye\u2019nin en b\u00fcy\u00fck kapasiteli Klinker tu\u011fla t\u00fcnel f\u0131r\u0131n\u0131n\u0131 Bart\u0131n\u2019da a\u00e7t\u0131<\/a>\n\t\t\t\n\t\t\t\t\t\t\t\t\t\t\t\t\t\t\n\t\t\t\t\t\t\t\t\n\t\t\t\t\t\t\t\t\t\t\t\t\t<div class=\"fusion-rollover-sep\"><\/div>\n\t\t\t\t\n\t\t\t\t\t\t\t\t\t\t\t\t\t\t\t\t\t\t<a class=\"fusion-rollover-gallery\" href=\"https:\/\/isiklarfilo.com\/wp-content\/uploads\/2022\/03\/Turkiyenin-en-buyuk-kapasiteli-Klinker-tugla-tunel-firinini-1-400x400-1.jpg\" data-id=\"1277\" data-rel=\"iLightbox[gallery]\" data-title=\"Turkiyenin-en-buyuk-kapasiteli-Klinker-tugla-tunel-firinini-1-400x400\" data-caption=\"\">\n\t\t\t\t\t\tGallery\t\t\t\t\t<\/a>\n\t\t\t\t\t\t\t\t\t\t\t\t\t\t\n\t\t\n\t\t\t\t\t\t\t\t\n\t\t\t\t\t\t\t\t\n\t\t\n\t\t\t\t\t\t<a class=\"fusion-link-wrapper\" href=\"https:\/\/isiklarfilo.com\/index.php\/2022\/03\/01\/how-latest-consumer-trends-impact-car-buying-sales\/\" aria-label=\"I\u015f\u0131klar Holding, T\u00fcrkiye\u2019nin en b\u00fcy\u00fck kapasiteli Klinker tu\u011fla t\u00fcnel f\u0131r\u0131n\u0131n\u0131 Bart\u0131n\u2019da a\u00e7t\u0131\"><\/a>\n\t<\/div>\n<\/div>\n<\/div>\n<\/div><div class=\"fusion-builder-row fusion-builder-row-inner fusion-row fusion-flex-align-items-flex-start\" style=\"width:104% !important;max-width:104% !important;margin-left: calc(-4% \/ 2 );margin-right: calc(-4% \/ 2 );\"><div class=\"fusion-layout-column fusion_builder_column_inner fusion-builder-nested-column-3 fusion_builder_column_inner_5_6 5_6 fusion-flex-column\"><div class=\"fusion-column-wrapper fusion-flex-justify-content-flex-start fusion-content-layout-column\" style=\"background-position:left top;background-repeat:no-repeat;-webkit-background-size:cover;-moz-background-size:cover;-o-background-size:cover;background-size:cover;background-color:var(--awb-color1);padding: 0px 45px 0px 30px;\"><style type=\"text\/css\">@media only screen and (max-width:1024px) {.fusion-title.fusion-title-4{margin-top:25px!important;margin-right:!important;margin-bottom:!important; margin-left:!important;}}@media only screen and (max-width:640px) {.fusion-title.fusion-title-4{margin-top:40px!important; margin-right:0px!important;margin-bottom:10px!important; margin-left:0px!important;}}<\/style><div class=\"fusion-title title fusion-title-4 fusion-sep-none fusion-title-text fusion-title-size-five\" style=\"margin-top:35px;margin-right:0px;margin-bottom:15px;margin-left:0px;\"><h5 class=\"title-heading-left\" style=\"margin:0;line-height:1.6em;\">I\u015f\u0131klar Holding, T\u00fcrkiye\u2019nin en b\u00fcy\u00fck kapasiteli Klinker tu\u011fla t\u00fcnel f\u0131r\u0131n\u0131n\u0131 Bart\u0131n\u2019da a\u00e7t\u0131<\/h5><\/div><\/div><style type=\"text\/css\">.fusion-body .fusion-builder-nested-column-3{width:83.333333333333% !important;margin-top : -50px;margin-bottom : 0px;}.fusion-builder-nested-column-3 > .fusion-column-wrapper {padding-top : 0px !important;padding-right : 45px !important;margin-right : 2.304%;padding-bottom : 0px !important;padding-left : 30px !important;margin-left : 2.304%;}@media only screen and (max-width:1024px) {.fusion-body .fusion-builder-nested-column-3{width:83.333333333333% !important;order : 0;}.fusion-builder-nested-column-3 > .fusion-column-wrapper {margin-right : 2.304%;margin-left : 2.304%;}}@media only screen and (max-width:640px) {.fusion-body .fusion-builder-nested-column-3{width:100% !important;order : 0;}.fusion-builder-nested-column-3 > .fusion-column-wrapper {margin-right : 1.92%;margin-left : 1.92%;}}<\/style><\/div><\/div><\/div><style type=\"text\/css\">.fusion-builder-column-4 > .fusion-column-wrapper {padding-top : 0px !important;padding-right : 0px !important;padding-bottom : 0px !important;padding-left : 0px !important;}<\/style><\/li>\n<\/ul><\/div><style>.fusion-post-cards.fusion-post-cards-1 ul.fusion-grid{margin-right:calc((40px)\/ -2);margin-left:calc((40px)\/ -2);margin-top:calc((80px)\/ -2);}.fusion-post-cards.fusion-post-cards-1 ul.fusion-grid > .fusion-grid-column{padding-left:calc((40px)\/ 2);padding-right:calc((40px)\/ 2);padding-top:calc((80px)\/ 2);padding-bottom:calc((80px)\/ 2);}.fusion-post-cards.fusion-post-cards-1 ul.fusion-grid > .fusion-grid-column > .fusion-column-inner-bg{margin-left:calc((40px)\/ 2);margin-right:calc((40px)\/ 2);margin-top:calc((80px)\/ 2);margin-bottom:calc((80px)\/ 2);}@media only screen and (max-width:640px) { .fusion-post-cards.fusion-post-cards-1 .fusion-grid .fusion-grid-column{width:100%!important;} }<\/style><\/div><style type=\"text\/css\">.fusion-body .fusion-builder-column-0{width:100% !important;margin-top : 0px;margin-bottom : 0px;}.fusion-builder-column-0 > .fusion-column-wrapper {padding-top : 0px !important;padding-right : 0px !important;margin-right : 1.92%;padding-bottom : 0px !important;padding-left : 0px !important;margin-left : 1.92%;}@media only screen and (max-width:1024px) {.fusion-body .fusion-builder-column-0{width:100% !important;order : 0;}.fusion-builder-column-0 > .fusion-column-wrapper {margin-right : 1.92%;margin-left : 1.92%;}}@media only screen and (max-width:640px) {.fusion-body .fusion-builder-column-0{width:100% !important;order : 0;}.fusion-builder-column-0 > .fusion-column-wrapper {margin-right : 1.92%;margin-left : 1.92%;}}<\/style><\/div><\/div><style type=\"text\/css\">.fusion-body .fusion-flex-container.fusion-builder-row-1{ padding-top : 0px;margin-top : 0px;padding-right : 0px;padding-bottom : 0px;margin-bottom : 40px;padding-left : 0px;}<\/style><\/div>\n","protected":false},"excerpt":{"rendered":"","protected":false},"author":1,"featured_media":0,"parent":0,"menu_order":0,"comment_status":"closed","ping_status":"closed","template":"100-width.php","meta":{"footnotes":""},"_links":{"self":[{"href":"https:\/\/isiklarfilo.com\/index.php\/wp-json\/wp\/v2\/pages\/1187"}],"collection":[{"href":"https:\/\/isiklarfilo.com\/index.php\/wp-json\/wp\/v2\/pages"}],"about":[{"href":"https:\/\/isiklarfilo.com\/index.php\/wp-json\/wp\/v2\/types\/page"}],"author":[{"embeddable":true,"href":"https:\/\/isiklarfilo.com\/index.php\/wp-json\/wp\/v2\/users\/1"}],"replies":[{"embeddable":true,"href":"https:\/\/isiklarfilo.com\/index.php\/wp-json\/wp\/v2\/comments?post=1187"}],"version-history":[{"count":3,"href":"https:\/\/isiklarfilo.com\/index.php\/wp-json\/wp\/v2\/pages\/1187\/revisions"}],"predecessor-version":[{"id":5221,"href":"https:\/\/isiklarfilo.com\/index.php\/wp-json\/wp\/v2\/pages\/1187\/revisions\/5221"}],"wp:attachment":[{"href":"https:\/\/isiklarfilo.com\/index.php\/wp-json\/wp\/v2\/media?parent=1187"}],"curies":[{"name":"wp","href":"https:\/\/api.w.org\/{rel}","templated":true}]}}